{"id":1823,"date":"2019-01-15T08:48:16","date_gmt":"2019-01-15T08:48:16","guid":{"rendered":"http:\/\/www.zusters-goddelijke-voorzienigheid.nl\/site\/?page_id=1823"},"modified":"2022-01-24T06:01:14","modified_gmt":"2022-01-24T06:01:14","slug":"zr-m-agnes-maas-op-maria-roepaan","status":"publish","type":"page","link":"https:\/\/www.zusters-goddelijke-voorzienigheid.nl\/site\/zr-m-agnes-maas-op-maria-roepaan\/","title":{"rendered":"Zr. M.Agnes Maas op Maria Roepaan"},"content":{"rendered":"\r\n<p>&nbsp;<\/p>\r\n\r\n\r\n\r\n<p>In september 1965 ben ik naar \u201cMaria Roepaan\u201d gekomen om daar te werken als hoofd van de huishouding en als overste van onze communiteit, die toen 22 zusters telde. Het was voor mij een totaal onbekende wereld. Ik had alleen de verhalen over \u201cMaria Roepaan\u201dgehoord, maar ik was er nog nooit geweest. Er kwam nog bij, dat het werk daar helemaal vreemd voor me was, daar ik uit het onderwijs kwam. In 1965 was ik hoofd van de H.Hartschool in Sevenum, een meisjesschool met 8 leerkrachten. Een hopeloos gevoel had ik bij deze overplaatsing, omdat ik niet voorbereid was op dit werk, maar de Provinciale Overste vond toch dat ik dit moest gaan doen. Het afscheid van het onderwijs viel mij wel zwaar.<\/p>\r\n\r\n\r\n\r\n<div class=\"wp-block-image\">\r\n<figure class=\"alignleft\"><img loading=\"lazy\" decoding=\"async\" width=\"449\" height=\"358\" src=\"http:\/\/www.zusters-goddelijke-voorzienigheid.nl\/site\/wp-content\/uploads\/2018\/09\/zr_Agnes-Maas-2.jpg\" alt=\"\" class=\"wp-image-1285\" srcset=\"https:\/\/www.zusters-goddelijke-voorzienigheid.nl\/site\/wp-content\/uploads\/2018\/09\/zr_Agnes-Maas-2.jpg 449w, https:\/\/www.zusters-goddelijke-voorzienigheid.nl\/site\/wp-content\/uploads\/2018\/09\/zr_Agnes-Maas-2-300x239.jpg 300w\" sizes=\"auto, (max-width: 449px) 100vw, 449px\" \/><\/figure>\r\n<\/div>\r\n\r\n\r\n\r\n<p>Op \u201cMaria Roepaan\u201d ben ik weer met ijver begonnen aan mijn nieuwe taak. Het was een grote inrichting voor zwakzinnigen, zoals dat toen heette. Een inrichting met v\u00e9\u00e9l mensen, v\u00e9\u00e9l werk, v\u00e9\u00e9l uitbreiding en v\u00e9\u00e9l nieuwbouw in die tijd.<br \/>Hoofd van de huishouding hield in: de voedingsdienst, het schoonhouden van alle gebouwen, die over twee terreinen verspreid lagen, de wasserij, gedeeltelijk in huis en voor een deel buitenshuis, het sorteren van de was die als bulk weer terugkwam van de wasserij, de zorg voor al het linnengoed en de kleding van de pupillen ( ruim 700 in die tijd!), het nummeren en verstellen van alle textiel.<br \/>In het begin wist ik niet wat ik moest doen, zo vreemd was het voor mij. Maar gaandeweg begon ik het werk wat te kennen. Door het volgen van diverse cursussen zoals: Hoofd huishouding, Wasserij, Schoonhouden van gebouwen, wist ik ook beter wat er allemaal in zo\u2019n inrichting omgaat. Iedereen was wel bereid om mij wegwijs te maken in huis. We hadden veel jonge zusters op \u201cMaria Roepaan\u201ddie allen, op een na, in de inrichting werkzaam waren. Samen met vele anderen heb ik daar veel geleerd en ook mogen meewerken aan de goede gang van zaken in het belang van onze pupillen. Dan denk ik aan de bouw van de nieuwe keuken annex eetzaal en bezoekersrestaurant. Dat was \u2019n hele verandering van de oude keuken aan de Kleefseweg naar de nieuwbouw aan de Siebengewaldseweg 15. Toen dit klaar was kwam er een hoofd voedingsdienst bij en hoefde ik daar niet meer voor te zorgen.<\/p>\r\n\r\n\r\n\r\n<div class=\"wp-block-image\">\r\n<figure class=\"aligncenter\"><img loading=\"lazy\" decoding=\"async\" width=\"500\" height=\"351\" src=\"http:\/\/www.zusters-goddelijke-voorzienigheid.nl\/site\/wp-content\/uploads\/2018\/09\/zr_Agnes-Maas.jpg\" alt=\"\" class=\"wp-image-1286\" srcset=\"https:\/\/www.zusters-goddelijke-voorzienigheid.nl\/site\/wp-content\/uploads\/2018\/09\/zr_Agnes-Maas.jpg 500w, https:\/\/www.zusters-goddelijke-voorzienigheid.nl\/site\/wp-content\/uploads\/2018\/09\/zr_Agnes-Maas-300x211.jpg 300w\" sizes=\"auto, (max-width: 500px) 100vw, 500px\" \/><\/figure>\r\n<\/div>\r\n\r\n\r\n\r\n<p>Wat de textielvoorziening en de kleding van de pupillen betreft, heb ik op verzoek van de heer J.Verheggen, economisch directeur, een textielmagazijn opgezet samen met Zr. Johanna Maria, die daar de zorg voor had. De inkoop van textiel deden we samen. We gingen daarvoor naar kledingbeurzen in Amsterdam en naar fabrieken die confectiekleding maakten. Voor de schoenen van de pupillen was ik een halve dag per week bezig om die te gaan passen op de paviljoens. De auto volgeladen met schoenen.<br \/>Bij de verdere uitbreiding van de inrichting heb ik een schoonmaakdienst opgezet en mannen gezocht om dit werk te doen. Tot dan toe hadden we alleen vrouwen in de huishoudelijke dienst, maar ik moet zeggen dat het heel goed gegaan is en na verloop van tijd waren er 22 mannen in de schoonmaakdienst werkzaam. Als er weer een nieuwbouw opgeleverd was, trok ik met de schoonmakers er in voor de \u00e9\u00e9rste grote schoonmaak.\u00a0<br \/>Er is nog een nieuw klooster gebouwd aan de Siebengewaldseweg, een grote verpleegstersflat, een verpleegstersschool en 5 paviljoens voor de pupillen. Verder nog een nieuw textielmagazijn en een naaikamer. De naaikamer was het laatste onderdeel van mijn dienst dat verhuisde. Dit was heel fijn, want men werkte altijd in een ruimte in het souterrain aan de Kleefseweg, die veel te klein was. Het had wel lang geduurd, maar het is er toch van gekomen. \u201cDe aanhouder wint\u201d.<br \/>Samen hebben wij op \u201cMaria Roepaan\u201dheel hard maar ook heel fijn gewerkt. Je kon er echt op elkaar rekenen. Ook de pupillen waren heel fijn en dankbaar om mee en voor te werken. Na bijna 10 jaar \u201cMaria Roepaan\u201dkreeg ik een verplaatsing naar Steyl. Toen vond ik het weer heel jammer om daar weg te gaan.\u201cHet kan verkeren\u201d.<\/p>\r\n","protected":false},"excerpt":{"rendered":"<p>&nbsp; In september 1965 ben ik naar \u201cMaria Roepaan\u201d gekomen om daar te werken als hoofd van de huishouding en als overste van onze communiteit, die toen 22 zusters telde. Het was voor mij een totaal onbekende wereld. Ik had alleen de verhalen over \u201cMaria Roepaan\u201dgehoord, maar ik was er [&hellip;]<\/p>\n","protected":false},"author":1,"featured_media":0,"parent":0,"menu_order":0,"comment_status":"closed","ping_status":"closed","template":"","meta":{"footnotes":""},"categories":[41],"tags":[],"class_list":["post-1823","page","type-page","status-publish","hentry","category-persoonlijke-verhalen"],"jetpack_sharing_enabled":true,"_links":{"self":[{"href":"https:\/\/www.zusters-goddelijke-voorzienigheid.nl\/site\/wp-json\/wp\/v2\/pages\/1823","targetHints":{"allow":["GET"]}}],"collection":[{"href":"https:\/\/www.zusters-goddelijke-voorzienigheid.nl\/site\/wp-json\/wp\/v2\/pages"}],"about":[{"href":"https:\/\/www.zusters-goddelijke-voorzienigheid.nl\/site\/wp-json\/wp\/v2\/types\/page"}],"author":[{"embeddable":true,"href":"https:\/\/www.zusters-goddelijke-voorzienigheid.nl\/site\/wp-json\/wp\/v2\/users\/1"}],"replies":[{"embeddable":true,"href":"https:\/\/www.zusters-goddelijke-voorzienigheid.nl\/site\/wp-json\/wp\/v2\/comments?post=1823"}],"version-history":[{"count":2,"href":"https:\/\/www.zusters-goddelijke-voorzienigheid.nl\/site\/wp-json\/wp\/v2\/pages\/1823\/revisions"}],"predecessor-version":[{"id":2756,"href":"https:\/\/www.zusters-goddelijke-voorzienigheid.nl\/site\/wp-json\/wp\/v2\/pages\/1823\/revisions\/2756"}],"wp:attachment":[{"href":"https:\/\/www.zusters-goddelijke-voorzienigheid.nl\/site\/wp-json\/wp\/v2\/media?parent=1823"}],"wp:term":[{"taxonomy":"category","embeddable":true,"href":"https:\/\/www.zusters-goddelijke-voorzienigheid.nl\/site\/wp-json\/wp\/v2\/categories?post=1823"},{"taxonomy":"post_tag","embeddable":true,"href":"https:\/\/www.zusters-goddelijke-voorzienigheid.nl\/site\/wp-json\/wp\/v2\/tags?post=1823"}],"curies":[{"name":"wp","href":"https:\/\/api.w.org\/{rel}","templated":true}]}}