{"id":2528,"date":"2020-09-18T06:40:20","date_gmt":"2020-09-18T06:40:20","guid":{"rendered":"http:\/\/www.zusters-goddelijke-voorzienigheid.nl\/site\/?page_id=2528"},"modified":"2022-01-19T10:05:44","modified_gmt":"2022-01-19T10:05:44","slug":"begraafplaatsen-in-nederland","status":"publish","type":"page","link":"https:\/\/www.zusters-goddelijke-voorzienigheid.nl\/site\/begraafplaatsen-in-nederland\/","title":{"rendered":"Begraafplaatsen in Nederland"},"content":{"rendered":"<p><strong>Begraafplaatsen in Nederland<\/strong><\/p>\n<p>Omdat de zusters verspreid in Nederland gewerkt en geleefd hebben, zijn er verschillende begraafplaatsen ontstaan die nu nog bereikbaar zijn en in ere worden gehouden door de nieuwe huisbewoners die zich na het vertrek van de zusters daar gevestigd hebben.<\/p>\n<p><strong>Steyl: Kerkhof St.Josephklooster 1878-1994<\/strong><\/p>\n<p>In 1876 zijn de zusters vanuit Duitsland naar Nederland gekomen. In 1880 is de eerste zuster begraven en daarna volgden er nog 100-tallen tot de laatste In 1994. Ook enkele familieleden die in de oorlog in het St. Josephklooster als evacuees zijn overleden en 2 rectoren zijn hier begraven. De ijzeren kruisen die regelmatig opnieuw geverfd moesten worden, werden in 1974 vervangen door marmeren platen. Door de huidige bewoners wordt deze rustplaats nu verder onderhouden. Eind 19<sup>de<\/sup> eeuw werd er een Mariagrot gebouwd. In deze grot bevindt zich een overzicht van de overledenen.<br \/>\n<img loading=\"lazy\" decoding=\"async\" src=\"http:\/\/www.zusters-goddelijke-voorzienigheid.nl\/site\/wp-content\/uploads\/2020\/09\/s1.jpg\" alt=\"\" width=\"924\" height=\"633\" class=\"aligncenter size-full wp-image-2532\" srcset=\"https:\/\/www.zusters-goddelijke-voorzienigheid.nl\/site\/wp-content\/uploads\/2020\/09\/s1.jpg 924w, https:\/\/www.zusters-goddelijke-voorzienigheid.nl\/site\/wp-content\/uploads\/2020\/09\/s1-300x206.jpg 300w, https:\/\/www.zusters-goddelijke-voorzienigheid.nl\/site\/wp-content\/uploads\/2020\/09\/s1-700x480.jpg 700w, https:\/\/www.zusters-goddelijke-voorzienigheid.nl\/site\/wp-content\/uploads\/2020\/09\/s1-768x526.jpg 768w\" sizes=\"auto, (max-width: 924px) 100vw, 924px\" \/> <img loading=\"lazy\" decoding=\"async\" src=\"http:\/\/www.zusters-goddelijke-voorzienigheid.nl\/site\/wp-content\/uploads\/2020\/09\/s2.jpg\" alt=\"\" width=\"600\" height=\"444\" class=\"aligncenter size-full wp-image-2533\" srcset=\"https:\/\/www.zusters-goddelijke-voorzienigheid.nl\/site\/wp-content\/uploads\/2020\/09\/s2.jpg 600w, https:\/\/www.zusters-goddelijke-voorzienigheid.nl\/site\/wp-content\/uploads\/2020\/09\/s2-300x222.jpg 300w\" sizes=\"auto, (max-width: 600px) 100vw, 600px\" \/><img loading=\"lazy\" decoding=\"async\" src=\"http:\/\/www.zusters-goddelijke-voorzienigheid.nl\/site\/wp-content\/uploads\/2020\/09\/s3a.jpg\" alt=\"\" width=\"732\" height=\"549\" class=\"aligncenter size-full wp-image-2557\" srcset=\"https:\/\/www.zusters-goddelijke-voorzienigheid.nl\/site\/wp-content\/uploads\/2020\/09\/s3a.jpg 732w, https:\/\/www.zusters-goddelijke-voorzienigheid.nl\/site\/wp-content\/uploads\/2020\/09\/s3a-300x225.jpg 300w, https:\/\/www.zusters-goddelijke-voorzienigheid.nl\/site\/wp-content\/uploads\/2020\/09\/s3a-700x525.jpg 700w\" sizes=\"auto, (max-width: 732px) 100vw, 732px\" \/><br \/>\n<strong>Venray St. Josephklooster<\/strong> <strong>1887-1984<\/strong><\/p>\n<p>De zusters kwamen in 1877 naar Venray en kregen hun 1<sup>ste<\/sup> woonruimte bij de bewoonsters van de armenhuisjes die de gemeente Venray ter beschikking stelde. In 1989 verlieten de laatste zusters het St. Josephklooster. Tussen 1887 en 1984 werden hier 120 zusters begraven. In de 70-tiger jaren van de 20<sup>ste<\/sup> eeuw werden ook hier de ijzeren kruisen vervangen door marmeren platen. Het kerkhof werd in 1984 geruimd en de overblijfselen werden overgebracht naar de begraafplaats in Steyl.<\/p>\n<p><img loading=\"lazy\" decoding=\"async\" src=\"http:\/\/www.zusters-goddelijke-voorzienigheid.nl\/site\/wp-content\/uploads\/2020\/09\/v2-1.jpg\" alt=\"\" width=\"608\" height=\"862\" class=\"aligncenter size-full wp-image-2540\" srcset=\"https:\/\/www.zusters-goddelijke-voorzienigheid.nl\/site\/wp-content\/uploads\/2020\/09\/v2-1.jpg 608w, https:\/\/www.zusters-goddelijke-voorzienigheid.nl\/site\/wp-content\/uploads\/2020\/09\/v2-1-212x300.jpg 212w\" sizes=\"auto, (max-width: 608px) 100vw, 608px\" \/><br \/>\n<img loading=\"lazy\" decoding=\"async\" src=\"http:\/\/www.zusters-goddelijke-voorzienigheid.nl\/site\/wp-content\/uploads\/2020\/09\/v1-1.jpg\" alt=\"\" width=\"620\" height=\"434\" class=\"aligncenter size-full wp-image-2542\" srcset=\"https:\/\/www.zusters-goddelijke-voorzienigheid.nl\/site\/wp-content\/uploads\/2020\/09\/v1-1.jpg 620w, https:\/\/www.zusters-goddelijke-voorzienigheid.nl\/site\/wp-content\/uploads\/2020\/09\/v1-1-300x210.jpg 300w\" sizes=\"auto, (max-width: 620px) 100vw, 620px\" \/> <img loading=\"lazy\" decoding=\"async\" src=\"http:\/\/www.zusters-goddelijke-voorzienigheid.nl\/site\/wp-content\/uploads\/2020\/09\/v3-1.jpg\" alt=\"\" width=\"646\" height=\"414\" class=\"aligncenter size-full wp-image-2541\" srcset=\"https:\/\/www.zusters-goddelijke-voorzienigheid.nl\/site\/wp-content\/uploads\/2020\/09\/v3-1.jpg 646w, https:\/\/www.zusters-goddelijke-voorzienigheid.nl\/site\/wp-content\/uploads\/2020\/09\/v3-1-300x192.jpg 300w\" sizes=\"auto, (max-width: 646px) 100vw, 646px\" \/><\/p>\n<p><strong>Ottersum Maria Roepaan 1886-1944<\/strong><\/p>\n<p>In 1880 werd de woning van de familie van de Loo toegewezen aan de zusters die zich gingen toeleggen op bejaardenzorg en internaat voor meisjes. In 1886 werd de eerste zuster daar begraven en de laatste van 118 zusters in 1944. Door de oorlog moesten de zusters met de bevolking van Ottersum evacueren. Toen het gehalveerde, gebombardeerde en uitgebrande klooster in 1950 teruggegeven werd aan de zusters werd het gebouw in 1952 ter beschikking gesteld voor de opvang en verzorging van zwakzinnige kinderen.<br \/>\n<img loading=\"lazy\" decoding=\"async\" src=\"http:\/\/www.zusters-goddelijke-voorzienigheid.nl\/site\/wp-content\/uploads\/2020\/09\/o2.jpg\" alt=\"\" width=\"460\" height=\"615\" class=\"aligncenter size-full wp-image-2530\" srcset=\"https:\/\/www.zusters-goddelijke-voorzienigheid.nl\/site\/wp-content\/uploads\/2020\/09\/o2.jpg 460w, https:\/\/www.zusters-goddelijke-voorzienigheid.nl\/site\/wp-content\/uploads\/2020\/09\/o2-224x300.jpg 224w\" sizes=\"auto, (max-width: 460px) 100vw, 460px\" \/> <img loading=\"lazy\" decoding=\"async\" src=\"http:\/\/www.zusters-goddelijke-voorzienigheid.nl\/site\/wp-content\/uploads\/2020\/09\/o1.jpg\" alt=\"\" width=\"470\" height=\"626\" class=\"aligncenter size-full wp-image-2529\" srcset=\"https:\/\/www.zusters-goddelijke-voorzienigheid.nl\/site\/wp-content\/uploads\/2020\/09\/o1.jpg 470w, https:\/\/www.zusters-goddelijke-voorzienigheid.nl\/site\/wp-content\/uploads\/2020\/09\/o1-225x300.jpg 225w\" sizes=\"auto, (max-width: 470px) 100vw, 470px\" \/><br \/>\nTijdens de evacuatie van Maria Roepaan naar het retraitehuis De Zwanenhof in Zenderen zijn er eind <strong>1944<\/strong> vier zusters overleden die daar hun laatste rustplaats hebben gevonden.<br \/>\n<img loading=\"lazy\" decoding=\"async\" src=\"http:\/\/www.zusters-goddelijke-voorzienigheid.nl\/site\/wp-content\/uploads\/2020\/09\/o3.jpg\" alt=\"\" width=\"375\" height=\"554\" class=\"aligncenter size-full wp-image-2531\" srcset=\"https:\/\/www.zusters-goddelijke-voorzienigheid.nl\/site\/wp-content\/uploads\/2020\/09\/o3.jpg 375w, https:\/\/www.zusters-goddelijke-voorzienigheid.nl\/site\/wp-content\/uploads\/2020\/09\/o3-203x300.jpg 203w\" sizes=\"auto, (max-width: 375px) 100vw, 375px\" \/><\/p>\n<p><strong>Tegelen Annaklooster vanaf 1994<\/strong><\/p>\n<p>Toen in 1994 het kloosterkerkhof in Steyl werd afgesloten door verkoop van het terrein werd er bij de gemeente Tegelen een verzoek gedaan voor een nieuwe begraafplaats voor de zusters. In de voorbije jaren hebben hier al 153 zusters en 2 rectoren hun laatste rustplaats gevonden. Vanwege de buxusrups moesten de buxushagen die hier om de graven waren aangebracht in 2018 worden verwijderd. Het geheel kreeg daarna een ander aanzien met de kiezels en de betonnen randen.<\/p>\n<p><img loading=\"lazy\" decoding=\"async\" src=\"http:\/\/www.zusters-goddelijke-voorzienigheid.nl\/site\/wp-content\/uploads\/2020\/09\/t1.jpg\" alt=\"\" width=\"700\" height=\"525\" class=\"aligncenter size-full wp-image-2535\" srcset=\"https:\/\/www.zusters-goddelijke-voorzienigheid.nl\/site\/wp-content\/uploads\/2020\/09\/t1.jpg 700w, https:\/\/www.zusters-goddelijke-voorzienigheid.nl\/site\/wp-content\/uploads\/2020\/09\/t1-300x225.jpg 300w\" sizes=\"auto, (max-width: 700px) 100vw, 700px\" \/><br \/>\n<img loading=\"lazy\" decoding=\"async\" src=\"http:\/\/www.zusters-goddelijke-voorzienigheid.nl\/site\/wp-content\/uploads\/2020\/09\/t2.jpg\" alt=\"\" width=\"694\" height=\"521\" class=\"aligncenter size-full wp-image-2536\" srcset=\"https:\/\/www.zusters-goddelijke-voorzienigheid.nl\/site\/wp-content\/uploads\/2020\/09\/t2.jpg 694w, https:\/\/www.zusters-goddelijke-voorzienigheid.nl\/site\/wp-content\/uploads\/2020\/09\/t2-300x225.jpg 300w\" sizes=\"auto, (max-width: 694px) 100vw, 694px\" \/><\/p>\n<p><strong>Aruba<\/strong><\/p>\n<p>Op de begraafplaats van San Nicolas is zr. Felicit\u00e9 Hermans in 1962 begraven. Nog \u00e9\u00e9n zuster woont daar op dat eiland die na haar overlijden in dit graf zal worden bijgezet.<\/p>\n<p>&nbsp;<\/p>\n","protected":false},"excerpt":{"rendered":"<p>Begraafplaatsen in Nederland Omdat de zusters verspreid in Nederland gewerkt en geleefd hebben, zijn er verschillende begraafplaatsen ontstaan die nu nog bereikbaar zijn en in ere worden gehouden door de nieuwe huisbewoners die zich na het vertrek van de zusters daar gevestigd hebben. Steyl: Kerkhof St.Josephklooster 1878-1994 In 1876 zijn [&hellip;]<\/p>\n","protected":false},"author":1,"featured_media":0,"parent":0,"menu_order":0,"comment_status":"closed","ping_status":"closed","template":"","meta":{"footnotes":""},"categories":[48,46],"tags":[],"class_list":["post-2528","page","type-page","status-publish","hentry","category-blijvende-herinneringen","category-erfgoed"],"jetpack_sharing_enabled":true,"_links":{"self":[{"href":"https:\/\/www.zusters-goddelijke-voorzienigheid.nl\/site\/wp-json\/wp\/v2\/pages\/2528","targetHints":{"allow":["GET"]}}],"collection":[{"href":"https:\/\/www.zusters-goddelijke-voorzienigheid.nl\/site\/wp-json\/wp\/v2\/pages"}],"about":[{"href":"https:\/\/www.zusters-goddelijke-voorzienigheid.nl\/site\/wp-json\/wp\/v2\/types\/page"}],"author":[{"embeddable":true,"href":"https:\/\/www.zusters-goddelijke-voorzienigheid.nl\/site\/wp-json\/wp\/v2\/users\/1"}],"replies":[{"embeddable":true,"href":"https:\/\/www.zusters-goddelijke-voorzienigheid.nl\/site\/wp-json\/wp\/v2\/comments?post=2528"}],"version-history":[{"count":3,"href":"https:\/\/www.zusters-goddelijke-voorzienigheid.nl\/site\/wp-json\/wp\/v2\/pages\/2528\/revisions"}],"predecessor-version":[{"id":2558,"href":"https:\/\/www.zusters-goddelijke-voorzienigheid.nl\/site\/wp-json\/wp\/v2\/pages\/2528\/revisions\/2558"}],"wp:attachment":[{"href":"https:\/\/www.zusters-goddelijke-voorzienigheid.nl\/site\/wp-json\/wp\/v2\/media?parent=2528"}],"wp:term":[{"taxonomy":"category","embeddable":true,"href":"https:\/\/www.zusters-goddelijke-voorzienigheid.nl\/site\/wp-json\/wp\/v2\/categories?post=2528"},{"taxonomy":"post_tag","embeddable":true,"href":"https:\/\/www.zusters-goddelijke-voorzienigheid.nl\/site\/wp-json\/wp\/v2\/tags?post=2528"}],"curies":[{"name":"wp","href":"https:\/\/api.w.org\/{rel}","templated":true}]}}