{"id":277,"date":"2018-04-04T08:02:18","date_gmt":"2018-04-04T08:02:18","guid":{"rendered":"http:\/\/www.zusters-goddelijke-voorzienigheid.nl\/site\/?page_id=277"},"modified":"2022-03-15T12:56:11","modified_gmt":"2022-03-15T12:56:11","slug":"ons-erfgoed","status":"publish","type":"page","link":"https:\/\/www.zusters-goddelijke-voorzienigheid.nl\/site\/ons-erfgoed\/","title":{"rendered":"Ons Erfgoed"},"content":{"rendered":"<p><img loading=\"lazy\" decoding=\"async\" width=\"450\" height=\"447\" class=\"aligncenter size-full wp-image-278\" alt=\"\" src=\"http:\/\/www.zusters-goddelijke-voorzienigheid.nl\/site\/wp-content\/uploads\/2018\/04\/ons_erfgoed.gif\" \/><\/p>\n<p>Bij het woord \u201cerfgoed\u201d denkt men misschien in eerste instantie aan financi\u00ebn; geld en andere materi\u00eble zaken, die men kan erven.<br \/>\nWij als werkgroep Erfgoed willen het juist niet hebben over de financi\u00eble en materi\u00eble erfenis.<br \/>\nWij denken bij Erfgoed speciaal aan de levenshouding en de ervaringen van onze zusters. Wat vonden\/vinden zij belangrijk en wat gaven\/geven ze aan ons door?<br \/>\nHun verhalen over persoonlijke ervaringen vinden wij zeer de moeite waard om bewaard te blijven.<br \/>\nDaarom zijn in de voorbije jaren interviews gehouden bij zusters, die vertelden hoe zij hun steentje hebben kunnen bijdragen in de geschiedenis van de congregatie. Zij vertelden over hun levensloop, over wat \u201cGoddelijke Voorzienigheid\u201d voor hen betekende en wat zij de mooiste tijd van hun kloosterleven hebben gevonden. Het zou jammer zijn als die verhalen verloren zouden gaan. Daarom zijn ze, voor zover dat nog kan, opgeschreven en worden nu op de website gezet.<br \/>\nBedoeling is, dat ieder die erin ge\u00efnteresseerd is, deze verhalen kan lezen en zo kennis kan nemen over het kloosterleven.<br \/>\nHier volgen nu verhalen van zusters, over hun thuissituatie, de intrede en de combinatie van religieusleven en een taak.<\/p>\n<p>&nbsp;<\/p>\n","protected":false},"excerpt":{"rendered":"<p>Bij het woord \u201cerfgoed\u201d denkt men misschien in eerste instantie aan financi\u00ebn; geld en andere materi\u00eble zaken, die men kan erven. Wij als werkgroep Erfgoed willen het juist niet hebben over de financi\u00eble en materi\u00eble erfenis. Wij denken bij Erfgoed speciaal aan de levenshouding en de ervaringen van onze zusters. [&hellip;]<\/p>\n","protected":false},"author":1,"featured_media":0,"parent":0,"menu_order":0,"comment_status":"closed","ping_status":"closed","template":"page-templates\/template-page-sidebar.php","meta":{"footnotes":""},"categories":[46],"tags":[],"class_list":["post-277","page","type-page","status-publish","hentry","category-erfgoed"],"jetpack_sharing_enabled":true,"_links":{"self":[{"href":"https:\/\/www.zusters-goddelijke-voorzienigheid.nl\/site\/wp-json\/wp\/v2\/pages\/277","targetHints":{"allow":["GET"]}}],"collection":[{"href":"https:\/\/www.zusters-goddelijke-voorzienigheid.nl\/site\/wp-json\/wp\/v2\/pages"}],"about":[{"href":"https:\/\/www.zusters-goddelijke-voorzienigheid.nl\/site\/wp-json\/wp\/v2\/types\/page"}],"author":[{"embeddable":true,"href":"https:\/\/www.zusters-goddelijke-voorzienigheid.nl\/site\/wp-json\/wp\/v2\/users\/1"}],"replies":[{"embeddable":true,"href":"https:\/\/www.zusters-goddelijke-voorzienigheid.nl\/site\/wp-json\/wp\/v2\/comments?post=277"}],"version-history":[{"count":3,"href":"https:\/\/www.zusters-goddelijke-voorzienigheid.nl\/site\/wp-json\/wp\/v2\/pages\/277\/revisions"}],"predecessor-version":[{"id":1476,"href":"https:\/\/www.zusters-goddelijke-voorzienigheid.nl\/site\/wp-json\/wp\/v2\/pages\/277\/revisions\/1476"}],"wp:attachment":[{"href":"https:\/\/www.zusters-goddelijke-voorzienigheid.nl\/site\/wp-json\/wp\/v2\/media?parent=277"}],"wp:term":[{"taxonomy":"category","embeddable":true,"href":"https:\/\/www.zusters-goddelijke-voorzienigheid.nl\/site\/wp-json\/wp\/v2\/categories?post=277"},{"taxonomy":"post_tag","embeddable":true,"href":"https:\/\/www.zusters-goddelijke-voorzienigheid.nl\/site\/wp-json\/wp\/v2\/tags?post=277"}],"curies":[{"name":"wp","href":"https:\/\/api.w.org\/{rel}","templated":true}]}}