{"id":549,"date":"2018-05-27T05:21:18","date_gmt":"2018-05-27T05:21:18","guid":{"rendered":"http:\/\/www.zusters-goddelijke-voorzienigheid.nl\/site\/?page_id=549"},"modified":"2022-03-17T09:06:46","modified_gmt":"2022-03-17T09:06:46","slug":"geschiedenis-van-steyl","status":"publish","type":"page","link":"https:\/\/www.zusters-goddelijke-voorzienigheid.nl\/site\/geschiedenis-van-steyl\/","title":{"rendered":"Geschiedenis van Steyl"},"content":{"rendered":"<p>Op 5 januari 1876 kregen de zusters van de Goddelijke Voorzienigheid in M\u00fcnster<br \/>\nvan de regering te horen dat het Moederhuis, het daar gevestigde internaat en<br \/>\nhet Armenweeshuis St. Mauritz v\u00f3\u00f3r 1 april opgeheven moesten worden.<br \/>\nDe slag kwam wel hard aan, maar niet onverwacht. Er moest nu gehandeld worden.<br \/>\nDe oversten reisden weer naar Holland, eerdere pogingen om onderdak te vinden,waren<br \/>\nafgewezen. Na veel bemoeienissen lukte het tenslotte om in Blerick een huis te kopen en<br \/>\nin dezelfde maand nog, werd het huis van Mevr. Moubis in Steyl gekocht.<br \/>\nDhr Josef Albers uit M\u00fcnster gaf de zusters geld te leen daar &#8220;wij niets hadden&#8221; vermeldt de kroniek. Voor deze krachtdadige hulp werd het nieuwe onderkomen naar zijn patroonheilige<br \/>\n&#8220;St. Josefklooster&#8221; genoemd.<\/p>\n<p>Nadat de zusters uit Duitsland hier aankwamen heeft de ontwikkeling een snelle loop gehad. Gedurende de Kulturkampf was ook het Generalaat in Steyl gevestigd tot 1892. Het huis Moubis vroeg telkens opnieuw om uitbreiding. Het hele Mauritzpensionaat kwam met haar opleiding in 1878 naar Steyl. Dat was tevens een goede inkomstenbron. Dit pensionaat is gebleven tot 1920. Vanaf 1920 werd Nederland een zelfstandige provincie. Het provinciebestuur kreeg er een vaste plek. Het postulaat en noviciaat kwamen vanuit Tegelen hiernaartoe. Verder waren er veel aspiranten die huishoudonderwijs of Mulo volgden.<br \/>\nGedurende de oorlogsjaren verbleven er meer dan 500 mensen in de kelders van dit klooster: internen van de Kweekschool uit Blerick, Zusters Dominicanessen van Mariadal, de bevolking van Steyl, Rode Kruis pati\u00ebnten en meerdere onderduikers. Daarnaast waren er nog meer dan 100 zusters die dit huis bevolkten.<\/p>\n<p>Het provincialaat werd in 1965 verplaatst naar Venlo. Een gedeelte van het klooster werd geschikt gemaakt voor bejaardenzorg. Toen de Wet op Bejaarden voor religieuzen in 1974 tot stand kwam, werd ook het witte gedeelte, het oorspronkelijk huis Moubis omgebouwd voor bejaardenzorg. In 1984 werden nieuwe aanpassingen gemaakt. In 1993 waren we over de top van onze bejaardenzorg heen en het gebouw voldeed niet meer aan de eisen en werd in augustus 1994 verkocht.<\/p>\n<p>Vanuit Steyl vertrokken in 1934 de eerste 4 zusters naar Indonesi\u00eb. Ruim 40 zusters hebben daar gewerkt. In 1952 werd het een zelfstandige provincie. In 1956 vertrokken eveneens 4 zusters naar Aruba. Daar werden de scholen van de zusters Dominicanessen op San Nicolas overgenomen. Ook daar hebben zich ongeveer 20 zusters ingezet voor het onderwijs, jeugdwerk, ouderenzorg en parochieactiviteiten.<\/p>\n<p><img loading=\"lazy\" decoding=\"async\" width=\"170\" height=\"227\" class=\"size-full wp-image-551 alignleft\" alt=\"\" src=\"http:\/\/www.zusters-goddelijke-voorzienigheid.nl\/site\/wp-content\/uploads\/2018\/05\/steyl2-small.jpg\" \/><b>Steyl:<span>\u00a0<\/span><\/b><span>\u00a0<\/span><br \/>\n<span>Moeder Vincentia\u00a0<\/span><br \/>\n<span>Provinciaal Overste\u00a0<\/span><br \/>\n<span>van 1920 &#8211; 1944<\/span><\/p>\n<p>&nbsp;<\/p>\n<p>&nbsp;<\/p>\n<p>&nbsp;<\/p>\n<p><img loading=\"lazy\" decoding=\"async\" width=\"240\" height=\"142\" class=\"alignleft size-full wp-image-552\" alt=\"\" src=\"http:\/\/www.zusters-goddelijke-voorzienigheid.nl\/site\/wp-content\/uploads\/2018\/05\/steyl3-small.jpg\" \/><span>St. Josephklooster\u00a0<\/span><br \/>\n<span>vanaf 1876.\u00a0<\/span><br \/>\n<span>1878 &#8211; 1892 Generaal Moederhuis.\u00a0<\/span><br \/>\n<span>Internaat voor Duitse pensionairen\u00a0<\/span><span>en kwekelingen.\u00a0<\/span><br \/>\n<span>Later internaat voor\u00a0<\/span>Nederlandse meisjes<br \/>\n<span><\/span><\/p>\n<p><span>\u00a0<\/span><\/p>\n<p><img loading=\"lazy\" decoding=\"async\" width=\"240\" height=\"129\" class=\"alignleft size-full wp-image-553\" alt=\"\" src=\"http:\/\/www.zusters-goddelijke-voorzienigheid.nl\/site\/wp-content\/uploads\/2018\/05\/steyl4-small.jpg\" \/><\/p>\n<p>Provinciaal Moederhuis + noviciaat\u00a0<span>van 1920 &#8211; 1965.<br \/>\nUlo en huishoudleerlingen (intern).<br \/>\nVerzorging van zieke zusters.<br \/>\nVanaf 1965:<br \/>\nVerzorging van bejaarde\u00a0\u00a0en oude zusters\u00a0<\/span><\/p>\n<p>&nbsp;<\/p>\n<p><img loading=\"lazy\" decoding=\"async\" width=\"240\" height=\"172\" class=\"alignleft size-full wp-image-554\" alt=\"\" src=\"http:\/\/www.zusters-goddelijke-voorzienigheid.nl\/site\/wp-content\/uploads\/2018\/05\/steyl5-small.jpg\" \/><\/p>\n<p><span>St. Josephklooster<\/span><\/p>\n<p>&nbsp;<\/p>\n<p>&nbsp;<\/p>\n<p>&nbsp;<\/p>\n<p>&nbsp;<\/p>\n<hr \/>\n<p><strong>Verklaring van het monumentje op het oude kerkhof van het klooster in Steyl<\/strong><\/p>\n<p>Het monument is geplant in de aarde op de plek, waar vele zusters zijn ingetreden en hun vorming hebben gekregen<\/p>\n<ul class=\"style7\">\n<li class=\"style2\">Het wapen van de congregatie dat<span>\u00a0<\/span>aan de voet van het monument staat, herinnert ons eraan, dat wij van de Drie\u00ebne God zijn uitgegaan en naar Hem terugkeren<\/li>\n<li class=\"style2\">De zuil die naar boven toe overgaat in een vierdelige schaal,<span>\u00a0<\/span>wijst op de openheid en de missionaire inzet in alle windrichtingen<\/li>\n<li class=\"style2\">De bootvorm, die door de schaal gedragen wordt, symboliseert een ark, waarin de zusters in gemeenschap leefden<\/li>\n<li class=\"style2\">De bol, midden in de &#8220;ark&#8221;,<span>\u00a0\u00a0<\/span>ontvangt het licht van boven;<span>\u00a0<\/span><\/li>\n<li class=\"style2\">De boot wordt weerspiegeld in de bol, als teken van de weerspiegeling van ons zijn in God.<\/li>\n<\/ul>\n<p><img loading=\"lazy\" decoding=\"async\" width=\"277\" height=\"370\" class=\" wp-image-550 aligncenter\" alt=\"\" src=\"http:\/\/www.zusters-goddelijke-voorzienigheid.nl\/site\/wp-content\/uploads\/2018\/05\/moubis1-small.jpg\" \/><\/p>\n<hr \/>\n","protected":false},"excerpt":{"rendered":"<p>Op 5 januari 1876 kregen de zusters van de Goddelijke Voorzienigheid in M\u00fcnster van de regering te horen dat het Moederhuis, het daar gevestigde internaat en het Armenweeshuis St. Mauritz v\u00f3\u00f3r 1 april opgeheven moesten worden. De slag kwam wel hard aan, maar niet onverwacht. Er moest nu gehandeld worden. [&hellip;]<\/p>\n","protected":false},"author":1,"featured_media":0,"parent":0,"menu_order":0,"comment_status":"closed","ping_status":"closed","template":"","meta":{"footnotes":""},"categories":[35],"tags":[],"class_list":["post-549","page","type-page","status-publish","hentry","category-waar-zijn-we"],"jetpack_sharing_enabled":true,"_links":{"self":[{"href":"https:\/\/www.zusters-goddelijke-voorzienigheid.nl\/site\/wp-json\/wp\/v2\/pages\/549","targetHints":{"allow":["GET"]}}],"collection":[{"href":"https:\/\/www.zusters-goddelijke-voorzienigheid.nl\/site\/wp-json\/wp\/v2\/pages"}],"about":[{"href":"https:\/\/www.zusters-goddelijke-voorzienigheid.nl\/site\/wp-json\/wp\/v2\/types\/page"}],"author":[{"embeddable":true,"href":"https:\/\/www.zusters-goddelijke-voorzienigheid.nl\/site\/wp-json\/wp\/v2\/users\/1"}],"replies":[{"embeddable":true,"href":"https:\/\/www.zusters-goddelijke-voorzienigheid.nl\/site\/wp-json\/wp\/v2\/comments?post=549"}],"version-history":[{"count":11,"href":"https:\/\/www.zusters-goddelijke-voorzienigheid.nl\/site\/wp-json\/wp\/v2\/pages\/549\/revisions"}],"predecessor-version":[{"id":1461,"href":"https:\/\/www.zusters-goddelijke-voorzienigheid.nl\/site\/wp-json\/wp\/v2\/pages\/549\/revisions\/1461"}],"wp:attachment":[{"href":"https:\/\/www.zusters-goddelijke-voorzienigheid.nl\/site\/wp-json\/wp\/v2\/media?parent=549"}],"wp:term":[{"taxonomy":"category","embeddable":true,"href":"https:\/\/www.zusters-goddelijke-voorzienigheid.nl\/site\/wp-json\/wp\/v2\/categories?post=549"},{"taxonomy":"post_tag","embeddable":true,"href":"https:\/\/www.zusters-goddelijke-voorzienigheid.nl\/site\/wp-json\/wp\/v2\/tags?post=549"}],"curies":[{"name":"wp","href":"https:\/\/api.w.org\/{rel}","templated":true}]}}