{"id":891,"date":"2018-07-30T08:40:00","date_gmt":"2018-07-30T08:40:00","guid":{"rendered":"http:\/\/www.zusters-goddelijke-voorzienigheid.nl\/site\/?page_id=891"},"modified":"2022-02-23T07:35:43","modified_gmt":"2022-02-23T07:35:43","slug":"malawi","status":"publish","type":"page","link":"https:\/\/www.zusters-goddelijke-voorzienigheid.nl\/site\/malawi\/","title":{"rendered":"Malawi"},"content":{"rendered":"<p><strong>Op het moment zitten onze zusters op een aantal plaatsen in Malawi.<\/strong><\/p>\n<p><strong><img loading=\"lazy\" decoding=\"async\" src=\"http:\/\/www.zusters-goddelijke-voorzienigheid.nl\/site\/wp-content\/uploads\/2018\/07\/malawi_kaart-247x300.jpg\" alt=\"\" width=\"247\" height=\"300\" class=\"alignright size-medium wp-image-894\" srcset=\"https:\/\/www.zusters-goddelijke-voorzienigheid.nl\/site\/wp-content\/uploads\/2018\/07\/malawi_kaart-247x300.jpg 247w, https:\/\/www.zusters-goddelijke-voorzienigheid.nl\/site\/wp-content\/uploads\/2018\/07\/malawi_kaart-768x934.jpg 768w, https:\/\/www.zusters-goddelijke-voorzienigheid.nl\/site\/wp-content\/uploads\/2018\/07\/malawi_kaart-700x852.jpg 700w, https:\/\/www.zusters-goddelijke-voorzienigheid.nl\/site\/wp-content\/uploads\/2018\/07\/malawi_kaart.jpg 900w\" sizes=\"auto, (max-width: 247px) 100vw, 247px\" \/>Muona:<\/strong> hier zijn de eerste 6 zusters in 1960 begonnen. Omdat het klooster, dat door de Kolpingszonen gebouwd werd, nog niet klaar was, leefden de eerste zusters in een hut zoals de Malawi\u00ebrs zelf. Dat het geen kleinigheid geweest is bij de grote hitte en het ongedierte, kan ieder zich voorstellen.<br \/>\nNu leven de zusters in een stenen gebouw met water en licht en meer privacy.<br \/>\nZe zijn er gestart met een school, een internaat en een ziekenhuis. Andere plaatsen zijn: Mangochi, Limbe en Newlands<\/p>\n<p><img loading=\"lazy\" decoding=\"async\" src=\"http:\/\/www.zusters-goddelijke-voorzienigheid.nl\/site\/wp-content\/uploads\/2018\/07\/waar-zijn-wij-Malawi_clip_image006.jpg\" alt=\"\" width=\"264\" height=\"198\" class=\"alignleft size-full wp-image-893\" \/>Een basisschool: met \u00b1 500 leerlingen en 15 leerkrachten wordt door de congregatie geleid. De leerkrachten worden door de staat aangesteld, de congregatie moet voor het gebouw zorg dragen. Het Bisdom heeft een co\u00f6rdinator aangesteld die de contacten met de staat verzorgt. Niet alle 15 leerkrachten zijn gediplomeerd. Enkele \u201cOnderwijsassistenten\u201d geven les onder begeleiding van de overige wel gekwalificeerde krachten. Een internaat voor meisjes maakt het mogelijk dat zij Voortgezet onderwijs krijgen. En een van onze zusters geeft les aan een middelbare school.<br \/>\nHet ziekenhuis levert alleen de medische zorg. De familie zorgt zelf voor de voeding, de was etc. Maar de medische zorg omvat ook de apotheek, de administratie, de financi\u00ebn en de opleiding van de verpleegsters.<br \/>\nHet grootste probleem is: deze verpleegsters te behouden voor het eigen ziekenhuis. De meeste trekken weg naar de stad, waar het klimaat beter is en de maatschappij meer te bieden heeft. Datzelfde geldt voor de artsen. Muona ligt in het laagland, warm en ongezond. Het is moeilijk om aan artsen te komen. En toch is dat zo nodig omdat er in de wijde omgeving geen andere mogelijkheid is voor de mensen. Om het personeel te behouden heeft de congregatie woningen voor hen gebouwd. Op het moment is er \u00e9\u00e9n arts, die dagelijks 600 pati\u00ebnten te zien krijgt. De stichting Trinity Malawi, die vanuit Nederland het ziekenhuis ondersteunt, heeft 6 buitenposten gecre\u00eberd waar mensen voor kleinere problemen terecht kunnen.<\/p>\n<p>In Malawi zijn veel oude en jonge alleenstaanden vanwege de aids-epidemie.<br \/>\nEn er zijn veel arme mensen, vooral ouderen, die niemand hebben die voor hen opkomt.<\/p>\n<p><a href=\"http:\/\/www.muonamalawi.nl\/over-ons-2\/\" target=\"_blank\" rel=\"noopener\"><strong>Site ; Trinity Malawi<\/strong><\/a><\/p>\n<p><img loading=\"lazy\" decoding=\"async\" src=\"http:\/\/www.zusters-goddelijke-voorzienigheid.nl\/site\/wp-content\/uploads\/2018\/07\/malawi1L.jpg\" alt=\"\" width=\"458\" height=\"300\" class=\"aligncenter size-full wp-image-892\" srcset=\"https:\/\/www.zusters-goddelijke-voorzienigheid.nl\/site\/wp-content\/uploads\/2018\/07\/malawi1L.jpg 458w, https:\/\/www.zusters-goddelijke-voorzienigheid.nl\/site\/wp-content\/uploads\/2018\/07\/malawi1L-300x197.jpg 300w\" sizes=\"auto, (max-width: 458px) 100vw, 458px\" \/><img loading=\"lazy\" decoding=\"async\" src=\"http:\/\/www.zusters-goddelijke-voorzienigheid.nl\/site\/wp-content\/uploads\/2018\/07\/africam_malawi-253x300.jpg\" alt=\"\" width=\"253\" height=\"300\" class=\"aligncenter size-medium wp-image-895\" srcset=\"https:\/\/www.zusters-goddelijke-voorzienigheid.nl\/site\/wp-content\/uploads\/2018\/07\/africam_malawi-253x300.jpg 253w, https:\/\/www.zusters-goddelijke-voorzienigheid.nl\/site\/wp-content\/uploads\/2018\/07\/africam_malawi.jpg 462w\" sizes=\"auto, (max-width: 253px) 100vw, 253px\" \/><\/p>\n","protected":false},"excerpt":{"rendered":"<p>Op het moment zitten onze zusters op een aantal plaatsen in Malawi. Muona: hier zijn de eerste 6 zusters in 1960 begonnen. Omdat het klooster, dat door de Kolpingszonen gebouwd werd, nog niet klaar was, leefden de eerste zusters in een hut zoals de Malawi\u00ebrs zelf. Dat het geen kleinigheid [&hellip;]<\/p>\n","protected":false},"author":1,"featured_media":0,"parent":0,"menu_order":0,"comment_status":"closed","ping_status":"closed","template":"","meta":{"footnotes":""},"categories":[51],"tags":[],"class_list":["post-891","page","type-page","status-publish","hentry","category-missie"],"jetpack_sharing_enabled":true,"_links":{"self":[{"href":"https:\/\/www.zusters-goddelijke-voorzienigheid.nl\/site\/wp-json\/wp\/v2\/pages\/891","targetHints":{"allow":["GET"]}}],"collection":[{"href":"https:\/\/www.zusters-goddelijke-voorzienigheid.nl\/site\/wp-json\/wp\/v2\/pages"}],"about":[{"href":"https:\/\/www.zusters-goddelijke-voorzienigheid.nl\/site\/wp-json\/wp\/v2\/types\/page"}],"author":[{"embeddable":true,"href":"https:\/\/www.zusters-goddelijke-voorzienigheid.nl\/site\/wp-json\/wp\/v2\/users\/1"}],"replies":[{"embeddable":true,"href":"https:\/\/www.zusters-goddelijke-voorzienigheid.nl\/site\/wp-json\/wp\/v2\/comments?post=891"}],"version-history":[{"count":1,"href":"https:\/\/www.zusters-goddelijke-voorzienigheid.nl\/site\/wp-json\/wp\/v2\/pages\/891\/revisions"}],"predecessor-version":[{"id":896,"href":"https:\/\/www.zusters-goddelijke-voorzienigheid.nl\/site\/wp-json\/wp\/v2\/pages\/891\/revisions\/896"}],"wp:attachment":[{"href":"https:\/\/www.zusters-goddelijke-voorzienigheid.nl\/site\/wp-json\/wp\/v2\/media?parent=891"}],"wp:term":[{"taxonomy":"category","embeddable":true,"href":"https:\/\/www.zusters-goddelijke-voorzienigheid.nl\/site\/wp-json\/wp\/v2\/categories?post=891"},{"taxonomy":"post_tag","embeddable":true,"href":"https:\/\/www.zusters-goddelijke-voorzienigheid.nl\/site\/wp-json\/wp\/v2\/tags?post=891"}],"curies":[{"name":"wp","href":"https:\/\/api.w.org\/{rel}","templated":true}]}}